{"id":914,"date":"2024-01-15T09:15:35","date_gmt":"2024-01-15T09:15:35","guid":{"rendered":"https:\/\/pierrepaillard.sacrelab.com\/?page_id=914"},"modified":"2024-05-02T09:55:51","modified_gmt":"2024-05-02T09:55:51","slug":"espace-pro","status":"publish","type":"page","link":"https:\/\/www.champagne-pierre-paillard.com\/fr\/espace-pro\/","title":{"rendered":"Espace pro"},"content":{"rendered":"\t\t<div data-elementor-type=\"wp-page\" data-elementor-id=\"914\" class=\"elementor elementor-914\" data-elementor-post-type=\"page\">\n\t\t\t\t<div class=\"elementor-element elementor-element-a51b4f1 e-con-full e-flex e-con e-parent\" data-id=\"a51b4f1\" data-element_type=\"container\" data-e-type=\"container\">\n\t\t\t\t<div class=\"elementor-element elementor-element-3b8c40d main-video elementor-widget elementor-widget-video\" data-id=\"3b8c40d\" data-element_type=\"widget\" data-e-type=\"widget\" data-settings=\"{&quot;video_type&quot;:&quot;hosted&quot;,&quot;autoplay&quot;:&quot;yes&quot;,&quot;play_on_mobile&quot;:&quot;yes&quot;,&quot;mute&quot;:&quot;yes&quot;,&quot;loop&quot;:&quot;yes&quot;}\" data-widget_type=\"video.default\">\n\t\t\t\t<div class=\"elementor-widget-container\">\n\t\t\t\t\t\t\t<div class=\"e-hosted-video elementor-wrapper elementor-open-inline\">\n\t\t\t\t\t<video class=\"elementor-video\" src=\"https:\/\/www.champagne-pierre-paillard.com\/wp-content\/uploads\/2024\/01\/Homepage-Banner-LR.mp4\" autoplay=\"\" loop=\"\" muted=\"muted\" playsinline=\"\" controlsList=\"nodownload\"><\/video>\n\t\t\t\t<\/div>\n\t\t\t\t\t\t<\/div>\n\t\t\t\t<\/div>\n\t\t<div class=\"elementor-element elementor-element-2412897 e-flex e-con-boxed e-con e-child\" data-id=\"2412897\" data-element_type=\"container\" data-e-type=\"container\">\n\t\t\t\t\t<div class=\"e-con-inner\">\n\t\t<div class=\"elementor-element elementor-element-fcb323c e-con-full e-flex e-con e-child\" data-id=\"fcb323c\" data-element_type=\"container\" data-e-type=\"container\">\n\t\t\t\t<div class=\"elementor-element elementor-element-32b079d elementor-align-center elementor-widget elementor-widget-lottie\" data-id=\"32b079d\" data-element_type=\"widget\" data-e-type=\"widget\" data-settings=\"{&quot;source_json&quot;:{&quot;url&quot;:&quot;https:\\\/\\\/www.champagne-pierre-paillard.com\\\/wp-content\\\/uploads\\\/2024\\\/01\\\/PP-animation-4.json&quot;,&quot;id&quot;:1498,&quot;size&quot;:&quot;&quot;,&quot;alt&quot;:&quot;&quot;,&quot;source&quot;:&quot;library&quot;},&quot;source&quot;:&quot;media_file&quot;,&quot;caption_source&quot;:&quot;none&quot;,&quot;link_to&quot;:&quot;none&quot;,&quot;trigger&quot;:&quot;arriving_to_viewport&quot;,&quot;viewport&quot;:{&quot;unit&quot;:&quot;%&quot;,&quot;size&quot;:&quot;&quot;,&quot;sizes&quot;:{&quot;start&quot;:0,&quot;end&quot;:100}},&quot;play_speed&quot;:{&quot;unit&quot;:&quot;px&quot;,&quot;size&quot;:1,&quot;sizes&quot;:[]},&quot;start_point&quot;:{&quot;unit&quot;:&quot;%&quot;,&quot;size&quot;:0,&quot;sizes&quot;:[]},&quot;end_point&quot;:{&quot;unit&quot;:&quot;%&quot;,&quot;size&quot;:100,&quot;sizes&quot;:[]},&quot;renderer&quot;:&quot;svg&quot;}\" data-widget_type=\"lottie.default\">\n\t\t\t\t<div class=\"elementor-widget-container\">\n\t\t\t\t\t<div class=\"e-lottie__container\"><div class=\"e-lottie__animation\"><\/div><\/div>\t\t\t\t<\/div>\n\t\t\t\t<\/div>\n\t\t\t\t<div class=\"elementor-element elementor-element-64bb2f5 elementor-widget__width-initial elementor-widget elementor-widget-heading\" data-id=\"64bb2f5\" data-element_type=\"widget\" data-e-type=\"widget\" data-widget_type=\"heading.default\">\n\t\t\t\t<div class=\"elementor-widget-container\">\n\t\t\t\t\t<h1 class=\"elementor-heading-title elementor-size-default\">Espace pro<\/h1>\t\t\t\t<\/div>\n\t\t\t\t<\/div>\n\t\t\t\t<\/div>\n\t\t<div class=\"elementor-element elementor-element-3a42a45 e-con-full e-flex e-con e-child\" data-id=\"3a42a45\" data-element_type=\"container\" data-e-type=\"container\">\n\t\t\t\t<div class=\"elementor-element elementor-element-856bf73 elementor-widget__width-inherit elementor-widget elementor-widget-wpcp-outofthebox\" data-id=\"856bf73\" data-element_type=\"widget\" data-e-type=\"widget\" data-widget_type=\"wpcp-outofthebox.default\">\n\t\t\t\t<div class=\"elementor-widget-container\">\n\t\t\t\t\t<div id='OutoftheBox' class='  wpcp-has-scroll-to-top files' style='display:none'><noscript><div class='OutoftheBox-nojsmessage'>Pour visualiser ce contenu, vous devez activer JavaScript dans votre navigateur.<br\/><a href='http:\/\/www.enable-javascript.com\/' target='_blank'>Pour cela, suivez ces instructions<\/a>.<\/div><\/noscript><div id='OutoftheBox-064f843701360982bb2f33f1359d0643' class='wpcp-module OutoftheBox files jsdisabled wpcp-thumb-view' data-list='files' data-token='064f843701360982bb2f33f1359d0643'  data-account-id='dbid:AABSA4mUnEPpQWzzO6sUHMKfHOJPIlMSKDs' data-path='' data-org-id='' data-org-path='%2F' data-source='6e0ce07ef61189830d8538a5a6459c7e' data-sort='name:asc' data-layout='grid' data-popout='0' data-lightboxnav='1' data-lightboxthumbs='1' data-query='' data-action='0'><div class=\"list-container\" style=\"width:100%;max-width:100%;\">    <div class=\"nav-header nav-header-has-breadcrumb\">        <a class=\"nav-home entry-info-button\" title=\"Retournez au dossier de d\u00e9part\" tabindex=\"0\">\r\n            <i class=\"eva eva-home-outline\"><\/i>\r\n        <\/a>\r\n        <div class=\"nav-title\">Chargement...<\/div>\r\n                <a class=\"nav-search entry-info-button\" tabindex=\"0\">\r\n            <i class=\"eva eva-search\"><\/i>\r\n        <\/a>\r\n\r\n        <div class=\"tippy-content-holder search-div\">\r\n            <div class=\"search-icon\"><i class=\"eva eva-search eva-lg\"><\/i><\/div>\r\n            <div class=\"search-remove\"><i class=\"eva eva-close-circle \"><\/i><\/div>\r\n            <input name=\"q\" type=\"text\" size=\"40\" aria-label=\"Rechercher\" placeholder=\"Rechercher des fichiers\" class=\"search-input\" \/>\r\n        <\/div>\r\n        \r\n        <a class=\"nav-sort entry-info-button\" title=\"Options de Tri\">\r\n            <i class=\"eva eva-options\"><\/i>\r\n        <\/a>\r\n        <div class=\"tippy-content-holder sort-div\">\r\n            <ul class='nav-sorting-list'>\r\n                <li><a class=\"nav-sorting-field nav-name sort-selected\" data-field=\"name\" title=\"Nom\">\r\n                        Nom                    <\/a>\r\n                <\/li>\r\n                <li><a class=\"nav-sorting-field nav-size \" data-field=\"size\" title=\"Taille\">\r\n                        Taille                    <\/a>\r\n                <\/li>\r\n                <li><a class=\"nav-sorting-field nav-modified \" data-field=\"modified\" title=\"Modifi\u00e9\">\r\n                        Modifi\u00e9                    <\/a>\r\n                <\/li>\r\n                <li class=\"list-separator\">&nbsp;<\/li>\r\n                <li><a class=\"nav-sorting-order nav-asc sort-selected\" data-order=\"asc\" title=\"Ascendant\">\r\n                        Ascendant                    <\/a>\r\n                <\/li>\r\n                <li><a class=\"nav-sorting-order nav-desc \" data-order=\"desc\" title=\"Descendant\">\r\n                        Descendant                    <\/a>\r\n                <\/li>\r\n            <\/ul>\r\n        <\/div>\r\n\r\n        <a class=\"nav-gear entry-info-button\" title=\"Plus d&#039;actions\">\r\n            <i class=\"eva eva-more-vertical-outline\"><\/i>\r\n        <\/a>\r\n        <div class=\"tippy-content-holder gear-div\" data-token=\"064f843701360982bb2f33f1359d0643\">\r\n            <ul data-id=\"064f843701360982bb2f33f1359d0643\">\r\n\r\n                                <li style=\"display: none\"><a class=\"nav-layout nav-layout-grid\" title=\"Affichage en grille\">\r\n                        <i class=\"eva eva-grid-outline eva-lg\"><\/i>Affichage en grille                    <\/a>\r\n                <\/li>\r\n                <li><a class=\"nav-layout nav-layout-list\" title=\"Affichage en liste\">\r\n                        <i class=\"eva eva-list-outline eva-lg\"><\/i>Affichage en liste                    <\/a>\r\n                <\/li>\r\n        \r\n                <li class='gear-menu-no-options' style=\"display: none\"><a><i class='eva eva-info-outline eva-lg '><\/i>Pas d&#039;options...<\/a><\/li>\r\n            <\/ul>\r\n        <\/div>\r\n                        <a class=\"nav-refresh entry-info-button\" title=\"Rafra\u00eechir\">\r\n                    <i class=\"eva eva-sync\"><\/i>\r\n                <\/a>\r\n                <\/div>    <div class=\"file-container\">\r\n        <div class=\"loading initialize\">            <svg class=\"loader-spinner\" viewBox=\"25 25 50 50\">\r\n                <circle class=\"path\" cx=\"50\" cy=\"50\" r=\"20\" fill=\"none\" stroke-width=\"3\" stroke-miterlimit=\"10\"><\/circle>\r\n            <\/svg>\r\n                    <\/div>\r\n        <div class=\"ajax-filelist\" style=\"\">\r\n            <div class='files'>\r\n                <div class=\"folders-container\"><div class=\"entry folder skeleton-entry\">\r\n    <div class=\"entry_block\">\r\n                <div class=\"entry-info\">\r\n            <div class=\"entry-info-icon skeleton skeleton-icon\"><\/div>\r\n            <div class=\"entry-info-name\"><span class=\"skeleton skeleton-text\"><\/span><\/div>\r\n                    <\/div>\r\n    <\/div>\r\n<\/div>\r\n<div class=\"entry folder skeleton-entry\">\r\n    <div class=\"entry_block\">\r\n                <div class=\"entry-info\">\r\n            <div class=\"entry-info-icon skeleton skeleton-icon\"><\/div>\r\n            <div class=\"entry-info-name\"><span class=\"skeleton skeleton-text\"><\/span><\/div>\r\n                    <\/div>\r\n    <\/div>\r\n<\/div>\r\n<div class=\"entry folder skeleton-entry\">\r\n    <div class=\"entry_block\">\r\n                <div class=\"entry-info\">\r\n            <div class=\"entry-info-icon skeleton skeleton-icon\"><\/div>\r\n            <div class=\"entry-info-name\"><span class=\"skeleton skeleton-text\"><\/span><\/div>\r\n                    <\/div>\r\n    <\/div>\r\n<\/div>\r\n<\/div>\r\n                <div class=\"files-container\"><div class=\"entry file skeleton-entry\">\r\n    <div class=\"entry_block\">\r\n         <div class=\"entry_thumbnail skeleton skeleton-img\"><\/div>        <div class=\"entry-info\">\r\n            <div class=\"entry-info-icon skeleton skeleton-icon\"><\/div>\r\n            <div class=\"entry-info-name\"><span class=\"skeleton skeleton-text\"><\/span><\/div>\r\n                        <div class=\"entry-info-modified-date skeleton skeleton-text-small\"><\/div>\r\n            <div class=\"entry-info-size skeleton skeleton-text-small\"><\/div>\r\n                    <\/div>\r\n    <\/div>\r\n<\/div>\r\n<div class=\"entry file skeleton-entry\">\r\n    <div class=\"entry_block\">\r\n         <div class=\"entry_thumbnail skeleton skeleton-img\"><\/div>        <div class=\"entry-info\">\r\n            <div class=\"entry-info-icon skeleton skeleton-icon\"><\/div>\r\n            <div class=\"entry-info-name\"><span class=\"skeleton skeleton-text\"><\/span><\/div>\r\n                        <div class=\"entry-info-modified-date skeleton skeleton-text-small\"><\/div>\r\n            <div class=\"entry-info-size skeleton skeleton-text-small\"><\/div>\r\n                    <\/div>\r\n    <\/div>\r\n<\/div>\r\n<div class=\"entry file skeleton-entry\">\r\n    <div class=\"entry_block\">\r\n         <div class=\"entry_thumbnail skeleton skeleton-img\"><\/div>        <div class=\"entry-info\">\r\n            <div class=\"entry-info-icon skeleton skeleton-icon\"><\/div>\r\n            <div class=\"entry-info-name\"><span class=\"skeleton skeleton-text\"><\/span><\/div>\r\n                        <div class=\"entry-info-modified-date skeleton skeleton-text-small\"><\/div>\r\n            <div class=\"entry-info-size skeleton skeleton-text-small\"><\/div>\r\n                    <\/div>\r\n    <\/div>\r\n<\/div>\r\n<div class=\"entry file skeleton-entry\">\r\n    <div class=\"entry_block\">\r\n         <div class=\"entry_thumbnail skeleton skeleton-img\"><\/div>        <div class=\"entry-info\">\r\n            <div class=\"entry-info-icon skeleton skeleton-icon\"><\/div>\r\n            <div class=\"entry-info-name\"><span class=\"skeleton skeleton-text\"><\/span><\/div>\r\n                        <div class=\"entry-info-modified-date skeleton skeleton-text-small\"><\/div>\r\n            <div class=\"entry-info-size skeleton skeleton-text-small\"><\/div>\r\n                    <\/div>\r\n    <\/div>\r\n<\/div>\r\n<div class=\"entry file skeleton-entry\">\r\n    <div class=\"entry_block\">\r\n         <div class=\"entry_thumbnail skeleton skeleton-img\"><\/div>        <div class=\"entry-info\">\r\n            <div class=\"entry-info-icon skeleton skeleton-icon\"><\/div>\r\n            <div class=\"entry-info-name\"><span class=\"skeleton skeleton-text\"><\/span><\/div>\r\n                        <div class=\"entry-info-modified-date skeleton skeleton-text-small\"><\/div>\r\n            <div class=\"entry-info-size skeleton skeleton-text-small\"><\/div>\r\n                    <\/div>\r\n    <\/div>\r\n<\/div>\r\n<\/div>\r\n            <\/div>\r\n        <\/div>\r\n        <div class=\"scroll-to-top\">\r\n            <button class=\"scroll-to-top-action button button-round-icon secondary button-round-icon-lg button-shadow-3\" type=\"button\" title=\"D\u00e9filer vers le haut\" aria-expanded=\"false\"><i class=\"eva eva-arrow-upward-outline eva-2x\"><\/i><\/button>\r\n                    <\/div>\r\n    <\/div>\r\n<\/div><\/div><script type='text\/javascript'>if (typeof(jQuery) !== 'undefined' && typeof(jQuery.cp) !== 'undefined' && typeof(jQuery.cp.OutoftheBox) === 'function') { jQuery('#OutoftheBox-064f843701360982bb2f33f1359d0643').OutoftheBox(OutoftheBox_vars); };<\/script><\/div>\t\t\t\t<\/div>\n\t\t\t\t<\/div>\n\t\t\t\t<\/div>\n\t\t\t\t\t<\/div>\n\t\t\t\t<\/div>\n\t\t\t\t<\/div>\n\t\t\t\t<\/div>\n\t\t","protected":false},"excerpt":{"rendered":"<p>https:\/\/www.champagne-pierre-paillard.com\/wp-content\/uploads\/2024\/01\/Homepage-Banner-LR.mp4 Espace pro Pour visualiser ce contenu, vous devez activer JavaScript dans votre navigateur.Pour cela, suivez ces instructions. Chargement&#8230; Nom Taille Modifi\u00e9 &nbsp; Ascendant Descendant Affichage en grille Affichage en liste Pas d&#039;options&#8230;<\/p>\n","protected":false},"author":1,"featured_media":0,"parent":0,"menu_order":0,"comment_status":"closed","ping_status":"closed","template":"","meta":{"inline_featured_image":false,"footnotes":""},"class_list":["post-914","page","type-page","status-publish","hentry"],"yoast_head":"<!-- This site is optimized with the Yoast SEO plugin v27.3 - https:\/\/yoast.com\/product\/yoast-seo-wordpress\/ -->\n<title>Espace pro - Champagne Pierre Paillard<\/title>\n<meta name=\"robots\" content=\"index, follow, max-snippet:-1, max-image-preview:large, max-video-preview:-1\" \/>\n<link rel=\"canonical\" href=\"https:\/\/www.champagne-pierre-paillard.com\/fr\/espace-pro\/\" \/>\n<meta property=\"og:locale\" content=\"fr_FR\" \/>\n<meta property=\"og:type\" content=\"article\" \/>\n<meta property=\"og:title\" content=\"Espace pro - Champagne Pierre Paillard\" \/>\n<meta property=\"og:description\" content=\"https:\/\/www.champagne-pierre-paillard.com\/wp-content\/uploads\/2024\/01\/Homepage-Banner-LR.mp4 Espace pro Pour visualiser ce contenu, vous devez activer JavaScript dans votre navigateur.Pour cela, suivez ces instructions. Chargement&#8230; Nom Taille Modifi\u00e9 &nbsp; Ascendant Descendant Affichage en grille Affichage en liste Pas d&#039;options&#8230;\" \/>\n<meta property=\"og:url\" content=\"https:\/\/www.champagne-pierre-paillard.com\/fr\/espace-pro\/\" \/>\n<meta property=\"og:site_name\" content=\"Champagne Pierre Paillard\" \/>\n<meta property=\"article:modified_time\" content=\"2024-05-02T09:55:51+00:00\" \/>\n<meta name=\"twitter:card\" content=\"summary_large_image\" \/>\n<script type=\"application\/ld+json\" class=\"yoast-schema-graph\">{\"@context\":\"https:\\\/\\\/schema.org\",\"@graph\":[{\"@type\":\"WebPage\",\"@id\":\"https:\\\/\\\/www.champagne-pierre-paillard.com\\\/fr\\\/espace-pro\\\/\",\"url\":\"https:\\\/\\\/www.champagne-pierre-paillard.com\\\/fr\\\/espace-pro\\\/\",\"name\":\"Espace pro - Champagne Pierre Paillard\",\"isPartOf\":{\"@id\":\"https:\\\/\\\/www.champagne-pierre-paillard.com\\\/fr\\\/#website\"},\"datePublished\":\"2024-01-15T09:15:35+00:00\",\"dateModified\":\"2024-05-02T09:55:51+00:00\",\"breadcrumb\":{\"@id\":\"https:\\\/\\\/www.champagne-pierre-paillard.com\\\/fr\\\/espace-pro\\\/#breadcrumb\"},\"inLanguage\":\"fr-FR\",\"potentialAction\":[{\"@type\":\"ReadAction\",\"target\":[\"https:\\\/\\\/www.champagne-pierre-paillard.com\\\/fr\\\/espace-pro\\\/\"]}]},{\"@type\":\"BreadcrumbList\",\"@id\":\"https:\\\/\\\/www.champagne-pierre-paillard.com\\\/fr\\\/espace-pro\\\/#breadcrumb\",\"itemListElement\":[{\"@type\":\"ListItem\",\"position\":1,\"name\":\"Accueil\",\"item\":\"https:\\\/\\\/www.champagne-pierre-paillard.com\\\/fr\\\/\"},{\"@type\":\"ListItem\",\"position\":2,\"name\":\"Espace pro\"}]},{\"@type\":\"WebSite\",\"@id\":\"https:\\\/\\\/www.champagne-pierre-paillard.com\\\/fr\\\/#website\",\"url\":\"https:\\\/\\\/www.champagne-pierre-paillard.com\\\/fr\\\/\",\"name\":\"Champagne Pierre Paillard\",\"description\":\"Implant\u00e9 \u00e0 Bouzy depuis plus de 200 ans, la maison Pierre Paillard est conduite par Antoine et Quentin Paillard, fr\u00e8res de la huiti\u00e8me g\u00e9n\u00e9ration familiale.\",\"publisher\":{\"@id\":\"https:\\\/\\\/www.champagne-pierre-paillard.com\\\/fr\\\/#organization\"},\"potentialAction\":[{\"@type\":\"SearchAction\",\"target\":{\"@type\":\"EntryPoint\",\"urlTemplate\":\"https:\\\/\\\/www.champagne-pierre-paillard.com\\\/fr\\\/?s={search_term_string}\"},\"query-input\":{\"@type\":\"PropertyValueSpecification\",\"valueRequired\":true,\"valueName\":\"search_term_string\"}}],\"inLanguage\":\"fr-FR\"},{\"@type\":\"Organization\",\"@id\":\"https:\\\/\\\/www.champagne-pierre-paillard.com\\\/fr\\\/#organization\",\"name\":\"Champagne Pierre Paillard\",\"url\":\"https:\\\/\\\/www.champagne-pierre-paillard.com\\\/fr\\\/\",\"logo\":{\"@type\":\"ImageObject\",\"inLanguage\":\"fr-FR\",\"@id\":\"https:\\\/\\\/www.champagne-pierre-paillard.com\\\/fr\\\/#\\\/schema\\\/logo\\\/image\\\/\",\"url\":\"https:\\\/\\\/www.champagne-pierre-paillard.com\\\/wp-content\\\/uploads\\\/2024\\\/01\\\/LogoNoir.png\",\"contentUrl\":\"https:\\\/\\\/www.champagne-pierre-paillard.com\\\/wp-content\\\/uploads\\\/2024\\\/01\\\/LogoNoir.png\",\"width\":2500,\"height\":1767,\"caption\":\"Champagne Pierre Paillard\"},\"image\":{\"@id\":\"https:\\\/\\\/www.champagne-pierre-paillard.com\\\/fr\\\/#\\\/schema\\\/logo\\\/image\\\/\"},\"sameAs\":[\"https:\\\/\\\/www.instagram.com\\\/pierre_paillard\\\/\"]}]}<\/script>\n<!-- \/ Yoast SEO plugin. -->","yoast_head_json":{"title":"Espace pro - Champagne Pierre Paillard","robots":{"index":"index","follow":"follow","max-snippet":"max-snippet:-1","max-image-preview":"max-image-preview:large","max-video-preview":"max-video-preview:-1"},"canonical":"https:\/\/www.champagne-pierre-paillard.com\/fr\/espace-pro\/","og_locale":"fr_FR","og_type":"article","og_title":"Espace pro - Champagne Pierre Paillard","og_description":"https:\/\/www.champagne-pierre-paillard.com\/wp-content\/uploads\/2024\/01\/Homepage-Banner-LR.mp4 Espace pro Pour visualiser ce contenu, vous devez activer JavaScript dans votre navigateur.Pour cela, suivez ces instructions. Chargement&#8230; Nom Taille Modifi\u00e9 &nbsp; Ascendant Descendant Affichage en grille Affichage en liste Pas d&#039;options&#8230;","og_url":"https:\/\/www.champagne-pierre-paillard.com\/fr\/espace-pro\/","og_site_name":"Champagne Pierre Paillard","article_modified_time":"2024-05-02T09:55:51+00:00","twitter_card":"summary_large_image","schema":{"@context":"https:\/\/schema.org","@graph":[{"@type":"WebPage","@id":"https:\/\/www.champagne-pierre-paillard.com\/fr\/espace-pro\/","url":"https:\/\/www.champagne-pierre-paillard.com\/fr\/espace-pro\/","name":"Espace pro - Champagne Pierre Paillard","isPartOf":{"@id":"https:\/\/www.champagne-pierre-paillard.com\/fr\/#website"},"datePublished":"2024-01-15T09:15:35+00:00","dateModified":"2024-05-02T09:55:51+00:00","breadcrumb":{"@id":"https:\/\/www.champagne-pierre-paillard.com\/fr\/espace-pro\/#breadcrumb"},"inLanguage":"fr-FR","potentialAction":[{"@type":"ReadAction","target":["https:\/\/www.champagne-pierre-paillard.com\/fr\/espace-pro\/"]}]},{"@type":"BreadcrumbList","@id":"https:\/\/www.champagne-pierre-paillard.com\/fr\/espace-pro\/#breadcrumb","itemListElement":[{"@type":"ListItem","position":1,"name":"Accueil","item":"https:\/\/www.champagne-pierre-paillard.com\/fr\/"},{"@type":"ListItem","position":2,"name":"Espace pro"}]},{"@type":"WebSite","@id":"https:\/\/www.champagne-pierre-paillard.com\/fr\/#website","url":"https:\/\/www.champagne-pierre-paillard.com\/fr\/","name":"Champagne Pierre Paillard","description":"Implant\u00e9 \u00e0 Bouzy depuis plus de 200 ans, la maison Pierre Paillard est conduite par Antoine et Quentin Paillard, fr\u00e8res de la huiti\u00e8me g\u00e9n\u00e9ration familiale.","publisher":{"@id":"https:\/\/www.champagne-pierre-paillard.com\/fr\/#organization"},"potentialAction":[{"@type":"SearchAction","target":{"@type":"EntryPoint","urlTemplate":"https:\/\/www.champagne-pierre-paillard.com\/fr\/?s={search_term_string}"},"query-input":{"@type":"PropertyValueSpecification","valueRequired":true,"valueName":"search_term_string"}}],"inLanguage":"fr-FR"},{"@type":"Organization","@id":"https:\/\/www.champagne-pierre-paillard.com\/fr\/#organization","name":"Champagne Pierre Paillard","url":"https:\/\/www.champagne-pierre-paillard.com\/fr\/","logo":{"@type":"ImageObject","inLanguage":"fr-FR","@id":"https:\/\/www.champagne-pierre-paillard.com\/fr\/#\/schema\/logo\/image\/","url":"https:\/\/www.champagne-pierre-paillard.com\/wp-content\/uploads\/2024\/01\/LogoNoir.png","contentUrl":"https:\/\/www.champagne-pierre-paillard.com\/wp-content\/uploads\/2024\/01\/LogoNoir.png","width":2500,"height":1767,"caption":"Champagne Pierre Paillard"},"image":{"@id":"https:\/\/www.champagne-pierre-paillard.com\/fr\/#\/schema\/logo\/image\/"},"sameAs":["https:\/\/www.instagram.com\/pierre_paillard\/"]}]}},"_links":{"self":[{"href":"https:\/\/www.champagne-pierre-paillard.com\/fr\/wp-json\/wp\/v2\/pages\/914","targetHints":{"allow":["GET"]}}],"collection":[{"href":"https:\/\/www.champagne-pierre-paillard.com\/fr\/wp-json\/wp\/v2\/pages"}],"about":[{"href":"https:\/\/www.champagne-pierre-paillard.com\/fr\/wp-json\/wp\/v2\/types\/page"}],"author":[{"embeddable":true,"href":"https:\/\/www.champagne-pierre-paillard.com\/fr\/wp-json\/wp\/v2\/users\/1"}],"replies":[{"embeddable":true,"href":"https:\/\/www.champagne-pierre-paillard.com\/fr\/wp-json\/wp\/v2\/comments?post=914"}],"version-history":[{"count":44,"href":"https:\/\/www.champagne-pierre-paillard.com\/fr\/wp-json\/wp\/v2\/pages\/914\/revisions"}],"predecessor-version":[{"id":4316,"href":"https:\/\/www.champagne-pierre-paillard.com\/fr\/wp-json\/wp\/v2\/pages\/914\/revisions\/4316"}],"wp:attachment":[{"href":"https:\/\/www.champagne-pierre-paillard.com\/fr\/wp-json\/wp\/v2\/media?parent=914"}],"curies":[{"name":"wp","href":"https:\/\/api.w.org\/{rel}","templated":true}]}}